{"id":323,"date":"2025-10-28T18:29:00","date_gmt":"2025-10-28T17:29:00","guid":{"rendered":"https:\/\/heatpumpswatch.org\/the-heating-transformation-book\/"},"modified":"2026-04-29T14:09:24","modified_gmt":"2026-04-29T12:09:24","slug":"das-buch-ueber-die-waermewende","status":"publish","type":"page","link":"https:\/\/heatpumpswatch.org\/de\/das-buch-ueber-die-waermewende\/","title":{"rendered":"Das Buch \u00fcber die W\u00e4rmewende"},"content":{"rendered":"\n<h4 class=\"wp-block-heading\">Die Transformation durch Farbe: Von Fakten zur Faszination<\/h4>\n\n\n\n<p>Dieses Projekt ist kein technisches Handbuch, sondern ein visueller Kompass auf 68 Seiten.<br>Es verbindet starke technologische und politische Botschaften mit einem spielerischen Comic-Stil \u2013 denn das Buch ist ein infografisches Malbuch.<\/p>\n\n\n\n<p>In knapp zwei Jahren intensiver Arbeit entstand ein kommunikatives Kunstwerk, das bewusst mit herk\u00f6mmlichen politischen Materialien bricht. Brillante Infografiken, zahlreiche Fakten, Zahlen und Daten werden auf 30 thematischen Doppelseiten pr\u00e4sentiert \u2013 bereit zum Ausmalen!<\/p>\n\n\n\n<p>Technisches Highlight: Die handgezeichneten Illustrationen und die Figur \u201ePumpi\u201c veranschaulichen abstrakte Konzepte. Zudem offenbart eine w\u00e4rmeempfindliche Tinte auf der ersten Seite das Innenleben einer W\u00e4rmepumpe, wenn sie erw\u00e4rmt wird \u2013 ein kleines technisches Wunder zum Anfassen.<\/p>\n\n\n\n<p>\u200d<\/p>\n\n\n\n<figure class=\"wp-block-image\"><img decoding=\"async\" src=\"https:\/\/heatpumpswatch.org\/wp-content\/themes\/wp_hpw\/images\/image-post2.jpg\" alt=\"\"\/><\/figure>\n\n\n\n<p>\u200d<\/p>\n\n\n\n<h4 class=\"wp-block-heading\">Warum das Projekt funktioniert<\/h4>\n\n\n\n<p>Was als kleine, kreative Idee in unserem Team begann, entfachte schnell eine Welle der Begeisterung.<br>Unsere Vision war es, Zielgruppen \u2013 von Hausbesitzern \u00fcber Politiker bis hin zu NGOs \u2013 emotional zu erreichen. Das unerwartete Format spricht unser \u201einneres Kind\u201c an und sorgt daf\u00fcr, dass komplexe Themen wie Technikmythen, Quartiersl\u00f6sungen oder die Funktionsweise intelligenter W\u00e4rmenetze im Ged\u00e4chtnis bleiben.<\/p>\n\n\n\n<p>Wie sieht ein intelligentes, erneuerbares W\u00e4rmenetz aus?<\/p>\n\n\n\n<p>Was verbirgt sich wirklich hinter g\u00e4ngigen Missverst\u00e4ndnissen?<\/p>\n\n\n\n<p>Was bedeutet es, wenn ganze St\u00e4dte ohne fossile Brennstoffe betrieben werden?<\/p>\n\n\n\n<p>All diese Fragen werden im Malbuch adressiert und auf anschauliche Weise beantwortet.<\/p>\n\n\n\n<p>Wir sind stolz darauf, unser fundiertes Fachwissen in die wissenschaftliche und visuelle Gestaltung dieses kreativen und wirkungsvollen Werkzeugs eingebracht zu haben.<\/p>\n\n\n\n<p>F\u00fcr mehr Infos sowie den Link zum Herunterladen der digitalen Version des Malbuchs:\u00a0<a href=\"https:\/\/ellerystudio.com\/projects\/heat-pumps-book\" target=\"_blank\" rel=\"noreferrer noopener\">hier klicken<\/a>.<\/p>\n\n\n\n<p><\/p>\n","protected":false},"excerpt":{"rendered":"<p>Die Transformation durch Farbe: Von Fakten zur Faszination Dieses Projekt ist kein technisches Handbuch, sondern ein visueller Kompass auf 68 Seiten.Es verbindet starke technologische und politische Botschaften mit einem spielerischen Comic-Stil \u2013 denn das Buch ist ein infografisches Malbuch. In knapp zwei Jahren intensiver Arbeit entstand ein kommunikatives Kunstwerk, das bewusst mit herk\u00f6mmlichen politischen Materialien [&hellip;]<\/p>\n","protected":false},"author":1,"featured_media":0,"parent":0,"menu_order":14,"comment_status":"closed","ping_status":"closed","template":"page-book.php","meta":{"_acf_changed":false,"footnotes":""},"class_list":["post-323","page","type-page","status-publish","hentry"],"acf":[],"_links":{"self":[{"href":"https:\/\/heatpumpswatch.org\/de\/wp-json\/wp\/v2\/pages\/323","targetHints":{"allow":["GET"]}}],"collection":[{"href":"https:\/\/heatpumpswatch.org\/de\/wp-json\/wp\/v2\/pages"}],"about":[{"href":"https:\/\/heatpumpswatch.org\/de\/wp-json\/wp\/v2\/types\/page"}],"author":[{"embeddable":true,"href":"https:\/\/heatpumpswatch.org\/de\/wp-json\/wp\/v2\/users\/1"}],"replies":[{"embeddable":true,"href":"https:\/\/heatpumpswatch.org\/de\/wp-json\/wp\/v2\/comments?post=323"}],"version-history":[{"count":2,"href":"https:\/\/heatpumpswatch.org\/de\/wp-json\/wp\/v2\/pages\/323\/revisions"}],"predecessor-version":[{"id":3013,"href":"https:\/\/heatpumpswatch.org\/de\/wp-json\/wp\/v2\/pages\/323\/revisions\/3013"}],"wp:attachment":[{"href":"https:\/\/heatpumpswatch.org\/de\/wp-json\/wp\/v2\/media?parent=323"}],"curies":[{"name":"wp","href":"https:\/\/api.w.org\/{rel}","templated":true}]}}