{"id":314,"date":"2025-10-19T18:29:48","date_gmt":"2025-10-19T16:29:48","guid":{"rendered":"https:\/\/heatpumpswatch.org\/privacy-policy\/"},"modified":"2025-11-10T09:45:45","modified_gmt":"2025-11-10T08:45:45","slug":"datenschutzerklaerung","status":"publish","type":"page","link":"https:\/\/heatpumpswatch.org\/de\/datenschutzerklaerung\/","title":{"rendered":"Datenschutzerkl\u00e4rung"},"content":{"rendered":"\n<h3 class=\"wp-block-heading\">Datenschutzerkl\u00e4rung \u2013 \u00dcbersicht<\/h3>\n\n\n\n<p>Bei Heat Pumps Watch hat der Schutz Ihrer Privatsph\u00e4re h\u00f6chste Priorit\u00e4t. Wir verpflichten uns, Ihre personenbezogenen Daten zu sch\u00fctzen. Diese Richtlinie erl\u00e4utert, wie wir Ihre Daten erfassen, verwenden, weitergeben und sichern.<\/p>\n\n\n\n<p>\u200d<\/p>\n\n\n\n<h3 class=\"wp-block-heading\">Erhebung von Informationen<\/h3>\n\n\n\n<p>Wir erfassen Informationen, die Sie uns direkt zur Verf\u00fcgung stellen, z. B. wenn Sie Formulare ausf\u00fcllen oder mit unseren Diensten interagieren. Dazu k\u00f6nnen Ihr Name, Ihre E-Mail-Adresse und weitere Angaben geh\u00f6ren, die erforderlich sind, um Ihnen unsere Angebote bereitzustellen.<\/p>\n\n\n\n<p>\u200d<\/p>\n\n\n\n<h3 class=\"wp-block-heading\">Verwendung der Informationen<\/h3>\n\n\n\n<p>Die von uns erhobenen Daten werden genutzt, um Ihr Nutzungserlebnis zu verbessern, unsere Dienstleistungen weiterzuentwickeln und Sie \u00fcber Neuigkeiten oder relevante Angebote zu informieren.<\/p>\n\n\n\n<p>\u200d<\/p>\n\n\n\n<h3 class=\"wp-block-heading\">Weitergabe von Daten<\/h3>\n\n\n\n<p>Wir verkaufen oder vermieten Ihre personenbezogenen Daten nicht an Dritte.<br>Eine Weitergabe erfolgt ausschlie\u00dflich an vertrauensw\u00fcrdige Partner, die uns beim Betrieb unserer Website oder bei unserer Gesch\u00e4ftst\u00e4tigkeit unterst\u00fctzen \u2013 vorausgesetzt, sie verpflichten sich zur vertraulichen Behandlung dieser Daten.<\/p>\n\n\n\n<p>\u200d<\/p>\n\n\n\n<h3 class=\"wp-block-heading\">Datensicherheit<\/h3>\n\n\n\n<p>Wir setzen verschiedene Sicherheitsma\u00dfnahmen ein, um Ihre personenbezogenen Daten zu sch\u00fctzen. Ihre Daten werden in sicheren Umgebungen gespeichert und sind nur einem begrenzten Personenkreis mit besonderen Zugriffsrechten zug\u00e4nglich.<\/p>\n\n\n\n<p>\u200d<\/p>\n\n\n\n<h3 class=\"wp-block-heading\">Rechte der Nutzer:innen<\/h3>\n\n\n\n<p>Sie haben das Recht, Ihre personenbezogenen Daten jederzeit einzusehen, zu berichtigen oder l\u00f6schen zu lassen. Wenn Sie diese Rechte aus\u00fcben m\u00f6chten, kontaktieren Sie uns bitte direkt.<\/p>\n\n\n\n<p>\u200d<\/p>\n\n\n\n<h3 class=\"wp-block-heading\">\u00c4nderungen dieser Richtlinie<\/h3>\n\n\n\n<p>Wir k\u00f6nnen diese Datenschutzerkl\u00e4rung gelegentlich aktualisieren, um \u00c4nderungen unserer Verfahren oder rechtliche bzw. regulatorische Anforderungen widerzuspiegeln. Wir empfehlen Ihnen, diese Richtlinie regelm\u00e4\u00dfig zu \u00fcberpr\u00fcfen, um stets \u00fcber unsere aktuellen Datenschutzpraktiken informiert zu bleiben.<\/p>\n\n\n\n<p>\u200d<\/p>\n","protected":false},"excerpt":{"rendered":"<p>Datenschutzerkl\u00e4rung \u2013 \u00dcbersicht Bei Heat Pumps Watch hat der Schutz Ihrer Privatsph\u00e4re h\u00f6chste Priorit\u00e4t. Wir verpflichten uns, Ihre personenbezogenen Daten zu sch\u00fctzen. Diese Richtlinie erl\u00e4utert, wie wir Ihre Daten erfassen, verwenden, weitergeben und sichern. \u200d Erhebung von Informationen Wir erfassen Informationen, die Sie uns direkt zur Verf\u00fcgung stellen, z. B. wenn Sie Formulare ausf\u00fcllen oder [&hellip;]<\/p>\n","protected":false},"author":1,"featured_media":0,"parent":0,"menu_order":10,"comment_status":"closed","ping_status":"closed","template":"page-privacy.php","meta":{"_acf_changed":false,"footnotes":""},"class_list":["post-314","page","type-page","status-publish","hentry"],"acf":[],"_links":{"self":[{"href":"https:\/\/heatpumpswatch.org\/de\/wp-json\/wp\/v2\/pages\/314","targetHints":{"allow":["GET"]}}],"collection":[{"href":"https:\/\/heatpumpswatch.org\/de\/wp-json\/wp\/v2\/pages"}],"about":[{"href":"https:\/\/heatpumpswatch.org\/de\/wp-json\/wp\/v2\/types\/page"}],"author":[{"embeddable":true,"href":"https:\/\/heatpumpswatch.org\/de\/wp-json\/wp\/v2\/users\/1"}],"replies":[{"embeddable":true,"href":"https:\/\/heatpumpswatch.org\/de\/wp-json\/wp\/v2\/comments?post=314"}],"version-history":[{"count":0,"href":"https:\/\/heatpumpswatch.org\/de\/wp-json\/wp\/v2\/pages\/314\/revisions"}],"wp:attachment":[{"href":"https:\/\/heatpumpswatch.org\/de\/wp-json\/wp\/v2\/media?parent=314"}],"curies":[{"name":"wp","href":"https:\/\/api.w.org\/{rel}","templated":true}]}}